{"id":1007,"date":"2023-11-24T18:50:28","date_gmt":"2023-11-24T18:50:28","guid":{"rendered":"https:\/\/edustemlab.com\/blog\/?post_type=product&#038;p=1007"},"modified":"2023-11-24T18:50:28","modified_gmt":"2023-11-24T18:50:28","slug":"camgo","status":"publish","type":"product","link":"https:\/\/edustemlab.com\/blog\/product\/camgo\/","title":{"rendered":"CamGo"},"content":{"rendered":"<ul class=\"a-unordered-list a-vertical a-spacing-mini\">\n<li class=\"a-spacing-mini\"><span class=\"a-list-item\">1. MATERIAL &#8212; Made of UPGRADED 600D nylon fabric, lightweight, durable and waterproof. Comes with adjustable detachable strap (Strap length: 31.5&#8243; &#8211; 55&#8243; \/ 80 &#8211; 140cm).<\/span><\/li>\n<li class=\"a-spacing-mini\"><span class=\"a-list-item\">2. SIZE &#8212; Dimensions: 10.2&#8243; x 13.4&#8243; x 4.7&#8243; \/ 26 x 34 x 12 cm. This tactical bag can be used as a messenger shoulder bag or a handbag. Adjustable length of the shoulder strap is about 80 &#8211; 140cm.<\/span><\/li>\n<li class=\"a-spacing-mini\"><span class=\"a-list-item\">3. STRUCTURE &#8212; \u00d9 1 x main compartment for streamlining tactical, office essentials and laptop, \u00da3 x front pouches for staying organized and conveniently locate all of your important tools, \u00db 1 x Back compartments can hold a number of documents, such as passports, credit cards, etc.<\/span><\/li>\n<\/ul>\n","protected":false},"excerpt":{"rendered":"<p>1. MATERIAL &#8212; Made of UPGRADED 600D nylon fabric, lightweight, durable and waterproof. Comes with adjustable detachable strap (Strap length: 31.5&#8243; &#8211; 55&#8243; \/ 80 &#8211; 140cm). 2. SIZE &#8212; Dimensions: 10.2&#8243; x 13.4&#8243; x 4.7&#8243; \/ 26 x 34 x 12 cm. This tactical bag can be used as a messenger shoulder bag or [&hellip;]<\/p>\n","protected":false},"featured_media":1009,"comment_status":"open","ping_status":"closed","template":"","meta":[],"product_cat":[24],"product_tag":[],"class_list":{"0":"post-1007","1":"product","2":"type-product","3":"status-publish","4":"has-post-thumbnail","5":"hentry","6":"product_cat-mens-bags","8":"entry","9":"has-media","10":"owp-thumbs-layout-horizontal","11":"owp-btn-normal","12":"owp-tabs-layout-horizontal","13":"has-no-thumbnails","14":"has-product-nav"},"_links":{"self":[{"href":"https:\/\/edustemlab.com\/blog\/wp-json\/wp\/v2\/product\/1007","targetHints":{"allow":["GET"]}}],"collection":[{"href":"https:\/\/edustemlab.com\/blog\/wp-json\/wp\/v2\/product"}],"about":[{"href":"https:\/\/edustemlab.com\/blog\/wp-json\/wp\/v2\/types\/product"}],"replies":[{"embeddable":true,"href":"https:\/\/edustemlab.com\/blog\/wp-json\/wp\/v2\/comments?post=1007"}],"wp:featuredmedia":[{"embeddable":true,"href":"https:\/\/edustemlab.com\/blog\/wp-json\/wp\/v2\/media\/1009"}],"wp:attachment":[{"href":"https:\/\/edustemlab.com\/blog\/wp-json\/wp\/v2\/media?parent=1007"}],"wp:term":[{"taxonomy":"product_cat","embeddable":true,"href":"https:\/\/edustemlab.com\/blog\/wp-json\/wp\/v2\/product_cat?post=1007"},{"taxonomy":"product_tag","embeddable":true,"href":"https:\/\/edustemlab.com\/blog\/wp-json\/wp\/v2\/product_tag?post=1007"}],"curies":[{"name":"wp","href":"https:\/\/api.w.org\/{rel}","templated":true}]}}